{"id":3147,"date":"2018-06-14T15:02:25","date_gmt":"2018-06-14T13:02:25","guid":{"rendered":"https:\/\/amyna.de\/wp\/?page_id=3147"},"modified":"2018-06-14T15:02:25","modified_gmt":"2018-06-14T13:02:25","slug":"faq-amyna","status":"publish","type":"page","link":"https:\/\/amyna.de\/wp\/ueber-uns\/faq-amyna\/","title":{"rendered":"Fragen &#038; Antworten zu AMYNA"},"content":{"rendered":"<div  class='togglecontainer av-av_toggle_container-3db3bf9baa9aa7fee59103dfaf5a6e4b  avia-builder-el-0  avia-builder-el-no-sibling  toggle_close_all' >\n<section class='av_toggle_section av-av_toggle-9ee209c9f22757ccedfddc08aceb4553'  itemscope=\"itemscope\" itemtype=\"https:\/\/schema.org\/CreativeWork\" ><div role=\"tablist\" class=\"single_toggle\" data-tags=\"{Alle} \"  ><p id='toggle-toggle-id-1' data-fake-id='#toggle-id-1' class='toggler  av-title-above '  itemprop=\"headline\"  role='tab' tabindex='0' aria-controls='toggle-id-1' data-slide-speed=\"200\" data-title=\"Was hei\u00dft eigentlich \u201eAMYNA\u201c?\" data-title-open=\"\">Was hei\u00dft eigentlich \u201eAMYNA\u201c?<span class=\"toggle_icon\"><span class=\"vert_icon\"><\/span><span class=\"hor_icon\"><\/span><\/span><\/p><div id='toggle-id-1' aria-labelledby='toggle-toggle-id-1' role='region' class='toggle_wrap  av-title-above'  ><div class='toggle_content invers-color '  itemprop=\"text\" ><p>Amyna kommt aus dem Griechischen und hei\u00dft \u201eWiderstand\u201c und \u201eSchutz\u201c.<\/p>\n<p>AMYNA e. V. geh\u00f6rt dem Parit\u00e4tischen Bayern an und ist Mitglied in der Deutschen Gesellschaft f\u00fcr Pr\u00e4vention und Intervention bei Kindesmisshandlung, -vernachl\u00e4ssigung und sexualisierter Gewalt (DGfPI e. V.).<\/p>\n<\/div><\/div><\/div><\/section>\n<section class='av_toggle_section av-av_toggle-af95f220ddbdbc43e0b4260f2c54ac68'  itemscope=\"itemscope\" itemtype=\"https:\/\/schema.org\/CreativeWork\" ><div role=\"tablist\" class=\"single_toggle\" data-tags=\"{Alle} \"  ><p id='toggle-toggle-id-2' data-fake-id='#toggle-id-2' class='toggler  av-title-above '  itemprop=\"headline\"  role='tab' tabindex='0' aria-controls='toggle-id-2' data-slide-speed=\"200\" data-title=\"Warum arbeitet ihr nur mit Erwachsenen, bzw. warum ist es sinnvoll, dass sich erst mal die Erwachsenen mit Pr\u00e4vention besch\u00e4ftigen?\" data-title-open=\"\">Warum arbeitet ihr nur mit Erwachsenen, bzw. warum ist es sinnvoll, dass sich erst mal die Erwachsenen mit Pr\u00e4vention besch\u00e4ftigen?<span class=\"toggle_icon\"><span class=\"vert_icon\"><\/span><span class=\"hor_icon\"><\/span><\/span><\/p><div id='toggle-id-2' aria-labelledby='toggle-toggle-id-2' role='region' class='toggle_wrap  av-title-above'  ><div class='toggle_content invers-color '  itemprop=\"text\" ><p>\u201eKein Kind kann sich alleine sch\u00fctzen!\u201c \u2013 das ist ein Grundsatz in unserer Arbeit. Sexueller Missbrauch ist in der Regel keine spontane Tat, es gibt viel Wissen \u00fcber Strategien von T\u00e4ter*innen und deren Vorgehen. Diese Strategien sind oft schwer f\u00fcr M\u00e4dchen* und Jungen* zu erkennen, sich zu wehren ist schwierig. Sie brauchen Erwachsene, die f\u00fcr ihren Schutz einstehen. Deshalb ist f\u00fcr uns der wichtigste Bestandteil eines ganzheitlichen Schutzkonzeptes die Bef\u00e4higung der Erwachsenen im Kinderschutz. Wir m\u00f6chten, dass sie ihren Anteil und ihre Verantwortung erkennen und sich damit identifizieren. So k\u00f6nnen sie die Bestandteile eines Schutzkonzeptes in ihre Praxis oder ihren Alltag \u00fcbernehmen und umsetzen.<\/p>\n<\/div><\/div><\/div><\/section>\n<section class='av_toggle_section av-av_toggle-9535a74c50bb1628cd5a03064d531bbb'  itemscope=\"itemscope\" itemtype=\"https:\/\/schema.org\/CreativeWork\" ><div role=\"tablist\" class=\"single_toggle\" data-tags=\"{Alle} \"  ><p id='toggle-toggle-id-3' data-fake-id='#toggle-id-3' class='toggler  av-title-above '  itemprop=\"headline\"  role='tab' tabindex='0' aria-controls='toggle-id-3' data-slide-speed=\"200\" data-title=\"K\u00f6nnen sich auch Betroffene an Sie wenden?\" data-title-open=\"\">K\u00f6nnen sich auch Betroffene an Sie wenden?<span class=\"toggle_icon\"><span class=\"vert_icon\"><\/span><span class=\"hor_icon\"><\/span><\/span><\/p><div id='toggle-id-3' aria-labelledby='toggle-toggle-id-3' role='region' class='toggle_wrap  av-title-above'  ><div class='toggle_content invers-color '  itemprop=\"text\" ><p>Wir beraten <strong>nicht<\/strong> bei Fragen im konkreten Verdachtsfall. Wenn Betroffene Hilfe und Unterst\u00fctzung in Form von Beratung und Therapie ben\u00f6tigen, vermitteln wir sie gerne an unsere Kolleg*innen in geeigneten Fachberatungsstellen weiter.<\/p>\n<p>Siehe hierzu: <a href=\"https:\/\/amyna.de\/wp\/kompetente-weitervermittlung\/\">Weitervermittlung<\/a><\/p>\n<p>Auch Angeh\u00f6rige und Fachkr\u00e4fte in Einrichtungen, die einen Verdachtsfall haben, werden von uns an Fachberatungsstellen weitervermittelt.<\/p>\n<p>Siehe hierzu: <a href=\"https:\/\/amyna.de\/wp\/infos-fuer-betroffene\/\">Wo kann ich mich als Betroffene*r hinwenden?<\/a><\/p>\n<\/div><\/div><\/div><\/section>\n<section class='av_toggle_section av-av_toggle-b0f0ff37a2a9314dfd5fd6743ec580c1'  itemscope=\"itemscope\" itemtype=\"https:\/\/schema.org\/CreativeWork\" ><div role=\"tablist\" class=\"single_toggle\" data-tags=\"{Alle} \"  ><p id='toggle-toggle-id-4' data-fake-id='#toggle-id-4' class='toggler  av-title-above '  itemprop=\"headline\"  role='tab' tabindex='0' aria-controls='toggle-id-4' data-slide-speed=\"200\" data-title=\"Wo kann ich mich als Betroffene*r hinwenden?\" data-title-open=\"\">Wo kann ich mich als Betroffene*r hinwenden?<span class=\"toggle_icon\"><span class=\"vert_icon\"><\/span><span class=\"hor_icon\"><\/span><\/span><\/p><div id='toggle-id-4' aria-labelledby='toggle-toggle-id-4' role='region' class='toggle_wrap  av-title-above'  ><div class='toggle_content invers-color '  itemprop=\"text\" ><p>Bundesweite Angebote f\u00fcr Betroffene finden sich hier:<\/p>\n<p><a href=\"http:\/\/www.nina-info.de\/hilfetelefon.html\" target=\"_blank\" rel=\"noopener\">Hilfetelefon sexueller Missbrauch<\/a>: 0800 22 55 530<\/p>\n<p><a href=\"https:\/\/www.hilfeportal-missbrauch.de\/startseite.html\" target=\"_blank\" rel=\"noopener\">Hilfeportal Sexueller Missbrauch<\/a><\/p>\n<p>Beispiele f\u00fcr Fachberatungsstellen (im Umkreis von 20 km rund um AMYNA) sind:<\/p>\n<p><a href=\"http:\/\/www.wildwasser-muenchen.de\/\" target=\"_blank\" rel=\"noopener\">Wildwasser M\u00fcnchen e.V.<\/a><\/p>\n<p>Ab 18.05.2018 Thomas-Wimmer-Ring 9, 80539 M\u00fcnchen<\/p>\n<p><strong>Zielgruppen<\/strong>: Frauen, Angeh\u00f6rige \/ Bezugspersonen, Fachkr\u00e4fte, Weibliche Fl\u00fcchtlinge ab 18 Jahre, Menschen mit Behinderung<\/p>\n<p><a href=\"http:\/\/www.imma.de\/\" target=\"_blank\" rel=\"noopener\">IMMA e.V.<\/a><\/p>\n<p>Jahnstr. 38, 80469 M\u00fcnchen<\/p>\n<p><strong>Zielgruppen<\/strong>: M\u00e4dchen, Frauen, Weibliche Jugendliche (14-18 Jahre), Angeh\u00f6rige \/ Bezugspersonen, Fachkr\u00e4fte, Junge Frauen bis 27 Jahre, Weibliche Fl\u00fcchtlinge bis 18 Jahre, Weibliche Fl\u00fcchtlinge ab 18 Jahre<\/p>\n<p><a href=\"http:\/\/www.power-child.de\/\" target=\"_blank\" rel=\"noopener\">Power-Child e.V.<\/a><\/p>\n<p>Maillingerstra\u00dfe 14, 80636 M\u00fcnchen<\/p>\n<p><strong>Zielgruppen<\/strong>: M\u00e4dchen, Jungen, Frauen, M\u00e4nner, Transgender, Weibliche Jugendliche (14-18 Jahre), M\u00e4nnliche Jugendliche (14-18 Jahre), Angeh\u00f6rige \/ Bezugspersonen, Fachkr\u00e4fte, \u00dcbergriffige Kinder \/ Jugendliche, Weibliche Fl\u00fcchtlinge bis 18 Jahre, M\u00e4nnliche Fl\u00fcchtlinge bis 18 Jahre, Menschen mit Behinderung<\/p>\n<p><a href=\"http:\/\/www.kibs.de\/\" target=\"_blank\" rel=\"noopener\">kibs &#8211; Kontakt-, Informations- und Beratungsstelle f\u00fcr Jungen und junge M\u00e4nner, die von sexualisierter und \/ oder h\u00e4uslicher Gewalt betroffen sind <\/a><\/p>\n<p>Holzstrasse 26, 80469 M\u00fcnchen<\/p>\n<p><strong>Zielgruppen<\/strong>: Jungen, M\u00e4nnliche Jugendliche (14-18 Jahre), Angeh\u00f6rige \/ Bezugspersonen, Fachkr\u00e4fte, M\u00e4nnliche Fl\u00fcchtlinge bis 18 Jahre<\/p>\n<p><a href=\"http:\/\/www.frauennotrufmuenchen.de\/\" target=\"_blank\" rel=\"noopener\">Frauennotruf M\u00fcnchen Beratungsstelle und Krisentelefon bei Gewalt <\/a><\/p>\n<p>Saarstr. 5, 80797 M\u00fcnchen<\/p>\n<p><strong>Zielgruppen<\/strong>: Frauen, Transgender, Weibliche Jugendliche (14-18 Jahre), Angeh\u00f6rige \/ Bezugspersonen, Fachkr\u00e4fte, Junge Frauen bis 27 Jahre, Weibliche Fl\u00fcchtlinge ab 18 Jahre, Menschen mit Behinderung<\/p>\n<p><a href=\"http:\/\/www.thzm.de\/\" target=\"_blank\" rel=\"noopener\">Trauma Hilfe Zentrum M\u00fcnchen e.V.<\/a><\/p>\n<p>Horemansstra\u00dfe 8, 80636 M\u00fcnchen<\/p>\n<p><strong>Zielgruppen<\/strong>: M\u00e4dchen, Jungen, Frauen, M\u00e4nner, Weibliche Jugendliche (14-18 Jahre), M\u00e4nnliche Jugendliche (14-18 Jahre), Angeh\u00f6rige \/ Bezugspersonen<\/p>\n<\/div><\/div><\/div><\/section>\n<section class='av_toggle_section av-av_toggle-1474d77d047fd7faaefd0469d10e7781'  itemscope=\"itemscope\" itemtype=\"https:\/\/schema.org\/CreativeWork\" ><div role=\"tablist\" class=\"single_toggle\" data-tags=\"{Alle} \"  ><p id='toggle-toggle-id-5' data-fake-id='#toggle-id-5' class='toggler  av-title-above '  itemprop=\"headline\"  role='tab' tabindex='0' aria-controls='toggle-id-5' data-slide-speed=\"200\" data-title=\"Was versteht AMYNA unter Pr\u00e4vention?\" data-title-open=\"\">Was versteht AMYNA unter Pr\u00e4vention?<span class=\"toggle_icon\"><span class=\"vert_icon\"><\/span><span class=\"hor_icon\"><\/span><\/span><\/p><div id='toggle-id-5' aria-labelledby='toggle-toggle-id-5' role='region' class='toggle_wrap  av-title-above'  ><div class='toggle_content invers-color '  itemprop=\"text\" ><p>Zuallererst bedeutet Pr\u00e4vention \u201eVorbeugung\u201c. Pr\u00e4vention von sexuellem Missbrauch umfasst also Ma\u00dfnahmen, die sexueller Gewalt gegen Kinder und Jugendliche vorbeugen sollen.<\/p>\n<p>Wir sehen Pr\u00e4vention als ein Gesamtkonzept, das Erwachsene bef\u00e4higt und in ihrer Verantwortung st\u00e4rkt, die ihnen anvertrauten Kinder und Jugendlichen zu sch\u00fctzen. Pr\u00e4vention sollte \u00fcberall dort stattfinden, wo M\u00e4dchen* und Jungen* ihren Lebensraum haben, ohne sie in ihrer Freiheit einschr\u00e4nken zu m\u00fcssen.<\/p>\n<p>Und last but not least: Pr\u00e4vention macht Spa\u00df und ermutigt, statt Angst zu machen! Wir verstehen unter guter Pr\u00e4vention auch die Kunst, komplexe Inhalte und umfangreiches Wissen so zu vermitteln, sodass L\u00f6sungswege und Ansatzpunkte im eigenen Leben sichtbar werden. Gute Pr\u00e4vention gibt Kraft und Energie zum langfristigen, differenzierten Schutz von M\u00e4dchen* und Jungen*, ohne auf schnelle einfache Rezepte zu setzen.<\/p>\n<p><strong>\u00a0<\/strong><\/p>\n<p>Buchtipp: Pr\u00e4vention geht alle an! <a href=\"https:\/\/amyna.de\/wp\/buchenbestellen\/bestellung-buecher\/\">Jetzt bestellen<\/a><\/p>\n<\/div><\/div><\/div><\/section>\n<section class='av_toggle_section av-av_toggle-a7a347152437f9fc05d2e2270beed877'  itemscope=\"itemscope\" itemtype=\"https:\/\/schema.org\/CreativeWork\" ><div role=\"tablist\" class=\"single_toggle\" data-tags=\"{Alle} \"  ><p id='toggle-toggle-id-6' data-fake-id='#toggle-id-6' class='toggler  av-title-above '  itemprop=\"headline\"  role='tab' tabindex='0' aria-controls='toggle-id-6' data-slide-speed=\"200\" data-title=\"Kann man sexuellen Missbrauch wirklich verhindern?\" data-title-open=\"\">Kann man sexuellen Missbrauch wirklich verhindern?<span class=\"toggle_icon\"><span class=\"vert_icon\"><\/span><span class=\"hor_icon\"><\/span><\/span><\/p><div id='toggle-id-6' aria-labelledby='toggle-toggle-id-6' role='region' class='toggle_wrap  av-title-above'  ><div class='toggle_content invers-color '  itemprop=\"text\" ><p>Bei allen M\u00f6glichkeiten, die wir in der Pr\u00e4vention von sexuellem Missbrauch kennen, gibt es leider keine 100%ige Garantie. Mittlerweile sind allerdings viele Ma\u00dfnahmen bekannt, die das Risiko eines sexuellen Missbrauchs deutlich verringern. Viele dieser Ma\u00dfnahmen sind in einem sogenannten \u201eSchutzkonzept\u201c zusammengefasst. Vor allem, wenn alle Erwachsenen im Umfeld eines Kindes sensibilisiert werden und den gr\u00f6\u00dftm\u00f6glichen Schutz aufbauen, ist ein gro\u00dfer Schritt in der Pr\u00e4vention getan. Ein offener und direkter Umgang \u00fcber Sexualit\u00e4t und \u00fcber das Vorhandensein von sexuellem Missbrauch schreckt T\u00e4ter und T\u00e4terinnen ab und bietet zudem allen Betroffenen die M\u00f6glichkeit, sich zu \u00f6ffnen.<\/p>\n<p>AMYNA ist der \u201eVerein zur Abschaffung von sexuellem Missbrauch und sexueller Gewalt\u201c \u2013 auch wenn wir es nicht garantieren k\u00f6nnen, dass mit den Ma\u00dfnahmen sexueller Missbrauch verhindert wird, ist das doch ein Ziel, nach dem wir alle streben. Sicher ein hohes Ziel, aber auch ein sich lohnendes.<\/p>\n<p>Siehe hierzu: <a href=\"https:\/\/amyna.de\/wp\/angebot\/veranstaltungen\/\">Veranstaltungen <\/a><\/p>\n<\/div><\/div><\/div><\/section>\n<section class='av_toggle_section av-av_toggle-8c738961f04aa607ee3f988da8b0f197'  itemscope=\"itemscope\" itemtype=\"https:\/\/schema.org\/CreativeWork\" ><div role=\"tablist\" class=\"single_toggle\" data-tags=\"{Alle} \"  ><p id='toggle-toggle-id-7' data-fake-id='#toggle-id-7' class='toggler  av-title-above '  itemprop=\"headline\"  role='tab' tabindex='0' aria-controls='toggle-id-7' data-slide-speed=\"200\" data-title=\"Wie lange muss ich auf einen Termin f\u00fcr eine Schulung oder einen Elternabend warten? \" data-title-open=\"\">Wie lange muss ich auf einen Termin f\u00fcr eine Schulung oder einen Elternabend warten? <span class=\"toggle_icon\"><span class=\"vert_icon\"><\/span><span class=\"hor_icon\"><\/span><\/span><\/p><div id='toggle-id-7' aria-labelledby='toggle-toggle-id-7' role='region' class='toggle_wrap  av-title-above'  ><div class='toggle_content invers-color '  itemprop=\"text\" ><p>Die Termine f\u00fcr eine Schulung finden nach individueller Absprache statt. Aufgrund gro\u00dfer Nachfrage an einigen Schulungen kann es dabei zu Wartezeiten von mehreren Monaten kommen.<\/p>\n<p>Die Wartezeiten bei einem Elternabend variieren. Je nach Thema kann es\u00a0 zwischen 2 Wochen und 4 Monaten dauern. Bei Elternabenden im Bereich GenzwertICH kann es auch mal bis zu 5 Monaten dauern.<\/p>\n<\/div><\/div><\/div><\/section>\n<section class='av_toggle_section av-av_toggle-863c65516ca54959087d42068dabd0d9'  itemscope=\"itemscope\" itemtype=\"https:\/\/schema.org\/CreativeWork\" ><div role=\"tablist\" class=\"single_toggle\" data-tags=\"{Alle} \"  ><p id='toggle-toggle-id-8' data-fake-id='#toggle-id-8' class='toggler  av-title-above '  itemprop=\"headline\"  role='tab' tabindex='0' aria-controls='toggle-id-8' data-slide-speed=\"200\" data-title=\"Kann die Schulung oder Fortbildung auch in unserer Einrichtung stattfinden?\" data-title-open=\"\">Kann die Schulung oder Fortbildung auch in unserer Einrichtung stattfinden?<span class=\"toggle_icon\"><span class=\"vert_icon\"><\/span><span class=\"hor_icon\"><\/span><\/span><\/p><div id='toggle-id-8' aria-labelledby='toggle-toggle-id-8' role='region' class='toggle_wrap  av-title-above'  ><div class='toggle_content invers-color '  itemprop=\"text\" ><p>Die Schulung oder Fortbildung kann bei Ihnen stattfinden. Sie k\u00f6nnen aber auch gegen einen Aufpreis von 40 \u20ac pro Tag die R\u00e4ume von AMYNA nutzen.<\/p>\n<\/div><\/div><\/div><\/section>\n<section class='av_toggle_section av-av_toggle-7b3000136ba1c2163e9bfcf2233df6fe'  itemscope=\"itemscope\" itemtype=\"https:\/\/schema.org\/CreativeWork\" ><div role=\"tablist\" class=\"single_toggle\" data-tags=\"{Alle} \"  ><p id='toggle-toggle-id-9' data-fake-id='#toggle-id-9' class='toggler  av-title-above '  itemprop=\"headline\"  role='tab' tabindex='0' aria-controls='toggle-id-9' data-slide-speed=\"200\" data-title=\"Bekomme ich eine Quittung f\u00fcr die Teilnahmegeb\u00fchr an einer Programmveranstaltung?\" data-title-open=\"\">Bekomme ich eine Quittung f\u00fcr die Teilnahmegeb\u00fchr an einer Programmveranstaltung?<span class=\"toggle_icon\"><span class=\"vert_icon\"><\/span><span class=\"hor_icon\"><\/span><\/span><\/p><div id='toggle-id-9' aria-labelledby='toggle-toggle-id-9' role='region' class='toggle_wrap  av-title-above'  ><div class='toggle_content invers-color '  itemprop=\"text\" ><p>Bei dem Besuch eines Vortrags erhalten Sie die Quittung f\u00fcr den bezahlten Teilnahmebeitrag in Form einer Teilnahmebest\u00e4tigung. Das bedeutet, der genaue Rechnungsbetrag f\u00fcr den Vortrag ist auf der Teilnahmebest\u00e4tigung ausgewiesen und als \u201ebezahlt\u201c gekennzeichnet. F\u00fcr die Teilnahme an einer Fortbildung erhalten Sie eine gesonderte Rechnung und eine Teilnahmebest\u00e4tigung von AMYNA e.V.<\/p>\n<\/div><\/div><\/div><\/section>\n<section class='av_toggle_section av-av_toggle-5e60606ca625d9f2b1f40f37be3b3fd0'  itemscope=\"itemscope\" itemtype=\"https:\/\/schema.org\/CreativeWork\" ><div role=\"tablist\" class=\"single_toggle\" data-tags=\"{Alle} \"  ><p id='toggle-toggle-id-10' data-fake-id='#toggle-id-10' class='toggler  av-title-above '  itemprop=\"headline\"  role='tab' tabindex='0' aria-controls='toggle-id-10' data-slide-speed=\"200\" data-title=\"Was ist die Infothek?\" data-title-open=\"\">Was ist die Infothek?<span class=\"toggle_icon\"><span class=\"vert_icon\"><\/span><span class=\"hor_icon\"><\/span><\/span><\/p><div id='toggle-id-10' aria-labelledby='toggle-toggle-id-10' role='region' class='toggle_wrap  av-title-above'  ><div class='toggle_content invers-color '  itemprop=\"text\" ><p>Unsere Infothek ist eine Pr\u00e4senzbibliothek und bietet Ihnen mit \u00fcber 3000 Medien die M\u00f6glichkeit, sich zu Themenfeldern mit dem Schwerpunkt \u201ePr\u00e4vention von sexueller Gewalt\u201c und \u201eSchutz des Kindeswohls\u201c, sowie angrenzenden Bereichen, in Theorie und Praxis auseinander zu setzen. Sie haben die M\u00f6glichkeit die Medien zu durchst\u00f6bern, ausleihen k\u00f6nnen Sie die B\u00fccher nicht. Die Infothek soll nur einen \u00dcberblick \u00fcber die zahlreichen Medien verschaffen, damit die Entscheidung f\u00fcr den Kauf eines geeigneten Mediums leichter wird. Auch Recherchearbeit, z.B. im Rahmen einer Bachelorarbeit, ist in der Infothek m\u00f6glich. Zus\u00e4tzlich steht Ihnen zu den \u00d6ffnungszeiten der Infothek eine p\u00e4dagogische Mitarbeiterin zur Verf\u00fcgung, von der Sie sich zum Thema Pr\u00e4vention beraten lassen k\u00f6nnen.<\/p>\n<p>F\u00fcr Fachkr\u00e4fte aus der Kinder- und Jugendhilfe steht unterschiedliches, p\u00e4dagogisches Material bereit, das f\u00fcr die Pr\u00e4ventionsarbeit eingesetzt werden kann (z. B. Spiele, Stoffpuppen, Percussionsinstrumente, etc.) und gegen eine Geb\u00fchr, Kaution oder Kopie des Personalausweises ausgeliehen werden darf.<\/p>\n<p>Hier geht es zu den <a href=\"https:\/\/amyna.de\/wp\/angebot\/infothek\/\">\u00d6ffnungszeiten<\/a> (keine Anmeldung erforderlich).<\/p>\n<\/div><\/div><\/div><\/section>\n<section class='av_toggle_section av-av_toggle-231977f2e8a0aff90af5b6dca81552e1'  itemscope=\"itemscope\" itemtype=\"https:\/\/schema.org\/CreativeWork\" ><div role=\"tablist\" class=\"single_toggle\" data-tags=\"{Alle} \"  ><p id='toggle-toggle-id-11' data-fake-id='#toggle-id-11' class='toggler  av-title-above '  itemprop=\"headline\"  role='tab' tabindex='0' aria-controls='toggle-id-11' data-slide-speed=\"200\" data-title=\"Kann ich die Angebote von AMYNA auch nutzen, wenn ich nicht in Bayern wohne?\" data-title-open=\"\">Kann ich die Angebote von AMYNA auch nutzen, wenn ich nicht in Bayern wohne?<span class=\"toggle_icon\"><span class=\"vert_icon\"><\/span><span class=\"hor_icon\"><\/span><\/span><\/p><div id='toggle-id-11' aria-labelledby='toggle-toggle-id-11' role='region' class='toggle_wrap  av-title-above'  ><div class='toggle_content invers-color '  itemprop=\"text\" ><p>Ja, der Bereich <a href=\"https:\/\/amyna.de\/wp\/ueber-uns\/projekte-ueberregionale-angebote\/\"><strong>Projekte &amp; \u00fcberregionale Angebote<\/strong><\/a><strong> und seit 2018 auch GrenzwertICH<\/strong> bieten die zentralen Angebote von AMYNA e.V. auch au\u00dferhalb M\u00fcnchens, teilweise bundesweit an. Das beinhaltet beispielsweise die Beratung von Tr\u00e4gern bei der Entwicklung von Schutzkonzepten und Inhouse-Qualifizierungsangebote f\u00fcr Einrichtungen der Kinder- und Jugendhilfe, Schulen sowie Einrichtungen der Behindertenhilfe. Dar\u00fcber hinaus werden zeitlich befristete Pr\u00e4ventionsprojekte entworfen und durchgef\u00fchrt.<\/p>\n<\/div><\/div><\/div><\/section>\n<\/div>\n","protected":false},"excerpt":{"rendered":"","protected":false},"author":1,"featured_media":0,"parent":212,"menu_order":0,"comment_status":"closed","ping_status":"closed","template":"","meta":{"footnotes":""},"categories":[],"tags":[],"class_list":["post-3147","page","type-page","status-publish","hentry"],"yoast_head":"<!-- This site is optimized with the Yoast SEO plugin v27.3 - https:\/\/yoast.com\/product\/yoast-seo-wordpress\/ -->\n<title>Fragen &amp; Antworten zu AMYNA - AMYNA e.V.<\/title>\n<meta name=\"robots\" content=\"index, follow, max-snippet:-1, max-image-preview:large, max-video-preview:-1\" \/>\n<link rel=\"canonical\" href=\"https:\/\/amyna.de\/wp\/ueber-uns\/faq-amyna\/\" \/>\n<meta property=\"og:locale\" content=\"de_DE\" \/>\n<meta property=\"og:type\" content=\"article\" \/>\n<meta property=\"og:title\" content=\"Fragen &amp; Antworten zu AMYNA - AMYNA e.V.\" \/>\n<meta property=\"og:url\" content=\"https:\/\/amyna.de\/wp\/ueber-uns\/faq-amyna\/\" \/>\n<meta property=\"og:site_name\" content=\"AMYNA e.V.\" \/>\n<meta name=\"twitter:card\" content=\"summary_large_image\" \/>\n<meta name=\"twitter:label1\" content=\"Gesch\u00e4tzte Lesezeit\" \/>\n\t<meta name=\"twitter:data1\" content=\"7\u00a0Minuten\" \/>\n<script type=\"application\/ld+json\" class=\"yoast-schema-graph\">{\"@context\":\"https:\\\/\\\/schema.org\",\"@graph\":[{\"@type\":\"WebPage\",\"@id\":\"https:\\\/\\\/amyna.de\\\/wp\\\/ueber-uns\\\/faq-amyna\\\/\",\"url\":\"https:\\\/\\\/amyna.de\\\/wp\\\/ueber-uns\\\/faq-amyna\\\/\",\"name\":\"Fragen & Antworten zu AMYNA - AMYNA e.V.\",\"isPartOf\":{\"@id\":\"https:\\\/\\\/amyna.de\\\/wp\\\/#website\"},\"datePublished\":\"2018-06-14T13:02:25+00:00\",\"breadcrumb\":{\"@id\":\"https:\\\/\\\/amyna.de\\\/wp\\\/ueber-uns\\\/faq-amyna\\\/#breadcrumb\"},\"inLanguage\":\"de\",\"potentialAction\":[{\"@type\":\"ReadAction\",\"target\":[\"https:\\\/\\\/amyna.de\\\/wp\\\/ueber-uns\\\/faq-amyna\\\/\"]}]},{\"@type\":\"BreadcrumbList\",\"@id\":\"https:\\\/\\\/amyna.de\\\/wp\\\/ueber-uns\\\/faq-amyna\\\/#breadcrumb\",\"itemListElement\":[{\"@type\":\"ListItem\",\"position\":1,\"name\":\"Startseite\",\"item\":\"https:\\\/\\\/amyna.de\\\/wp\\\/\"},{\"@type\":\"ListItem\",\"position\":2,\"name\":\"\u00dcber uns\",\"item\":\"https:\\\/\\\/amyna.de\\\/wp\\\/ueber-uns\\\/\"},{\"@type\":\"ListItem\",\"position\":3,\"name\":\"Fragen &#038; Antworten zu AMYNA\"}]},{\"@type\":\"WebSite\",\"@id\":\"https:\\\/\\\/amyna.de\\\/wp\\\/#website\",\"url\":\"https:\\\/\\\/amyna.de\\\/wp\\\/\",\"name\":\"AMYNA e.V.\",\"description\":\"Verein zur Abschaffung von sexuellem Missbrauch und sexueller Gewalt\",\"potentialAction\":[{\"@type\":\"SearchAction\",\"target\":{\"@type\":\"EntryPoint\",\"urlTemplate\":\"https:\\\/\\\/amyna.de\\\/wp\\\/?s={search_term_string}\"},\"query-input\":{\"@type\":\"PropertyValueSpecification\",\"valueRequired\":true,\"valueName\":\"search_term_string\"}}],\"inLanguage\":\"de\"}]}<\/script>\n<!-- \/ Yoast SEO plugin. -->","yoast_head_json":{"title":"Fragen & Antworten zu AMYNA - AMYNA e.V.","robots":{"index":"index","follow":"follow","max-snippet":"max-snippet:-1","max-image-preview":"max-image-preview:large","max-video-preview":"max-video-preview:-1"},"canonical":"https:\/\/amyna.de\/wp\/ueber-uns\/faq-amyna\/","og_locale":"de_DE","og_type":"article","og_title":"Fragen & Antworten zu AMYNA - AMYNA e.V.","og_url":"https:\/\/amyna.de\/wp\/ueber-uns\/faq-amyna\/","og_site_name":"AMYNA e.V.","twitter_card":"summary_large_image","twitter_misc":{"Gesch\u00e4tzte Lesezeit":"7\u00a0Minuten"},"schema":{"@context":"https:\/\/schema.org","@graph":[{"@type":"WebPage","@id":"https:\/\/amyna.de\/wp\/ueber-uns\/faq-amyna\/","url":"https:\/\/amyna.de\/wp\/ueber-uns\/faq-amyna\/","name":"Fragen & Antworten zu AMYNA - AMYNA e.V.","isPartOf":{"@id":"https:\/\/amyna.de\/wp\/#website"},"datePublished":"2018-06-14T13:02:25+00:00","breadcrumb":{"@id":"https:\/\/amyna.de\/wp\/ueber-uns\/faq-amyna\/#breadcrumb"},"inLanguage":"de","potentialAction":[{"@type":"ReadAction","target":["https:\/\/amyna.de\/wp\/ueber-uns\/faq-amyna\/"]}]},{"@type":"BreadcrumbList","@id":"https:\/\/amyna.de\/wp\/ueber-uns\/faq-amyna\/#breadcrumb","itemListElement":[{"@type":"ListItem","position":1,"name":"Startseite","item":"https:\/\/amyna.de\/wp\/"},{"@type":"ListItem","position":2,"name":"\u00dcber uns","item":"https:\/\/amyna.de\/wp\/ueber-uns\/"},{"@type":"ListItem","position":3,"name":"Fragen &#038; Antworten zu AMYNA"}]},{"@type":"WebSite","@id":"https:\/\/amyna.de\/wp\/#website","url":"https:\/\/amyna.de\/wp\/","name":"AMYNA e.V.","description":"Verein zur Abschaffung von sexuellem Missbrauch und sexueller Gewalt","potentialAction":[{"@type":"SearchAction","target":{"@type":"EntryPoint","urlTemplate":"https:\/\/amyna.de\/wp\/?s={search_term_string}"},"query-input":{"@type":"PropertyValueSpecification","valueRequired":true,"valueName":"search_term_string"}}],"inLanguage":"de"}]}},"_links":{"self":[{"href":"https:\/\/amyna.de\/wp\/wp-json\/wp\/v2\/pages\/3147","targetHints":{"allow":["GET"]}}],"collection":[{"href":"https:\/\/amyna.de\/wp\/wp-json\/wp\/v2\/pages"}],"about":[{"href":"https:\/\/amyna.de\/wp\/wp-json\/wp\/v2\/types\/page"}],"author":[{"embeddable":true,"href":"https:\/\/amyna.de\/wp\/wp-json\/wp\/v2\/users\/1"}],"replies":[{"embeddable":true,"href":"https:\/\/amyna.de\/wp\/wp-json\/wp\/v2\/comments?post=3147"}],"version-history":[{"count":0,"href":"https:\/\/amyna.de\/wp\/wp-json\/wp\/v2\/pages\/3147\/revisions"}],"up":[{"embeddable":true,"href":"https:\/\/amyna.de\/wp\/wp-json\/wp\/v2\/pages\/212"}],"wp:attachment":[{"href":"https:\/\/amyna.de\/wp\/wp-json\/wp\/v2\/media?parent=3147"}],"wp:term":[{"taxonomy":"category","embeddable":true,"href":"https:\/\/amyna.de\/wp\/wp-json\/wp\/v2\/categories?post=3147"},{"taxonomy":"post_tag","embeddable":true,"href":"https:\/\/amyna.de\/wp\/wp-json\/wp\/v2\/tags?post=3147"}],"curies":[{"name":"wp","href":"https:\/\/api.w.org\/{rel}","templated":true}]}}