{"id":232,"date":"2016-10-27T13:04:17","date_gmt":"2016-10-27T11:04:17","guid":{"rendered":"https:\/\/amyna.de\/wp\/?page_id=232"},"modified":"2024-09-19T12:12:22","modified_gmt":"2024-09-19T10:12:22","slug":"unternehmen","status":"publish","type":"page","link":"https:\/\/amyna.de\/wp\/helfen\/unternehmen\/","title":{"rendered":"Unternehmen"},"content":{"rendered":"<section  class='av_textblock_section av-3u6080-da2e31532ea944bb44235c01e7554653 '   itemscope=\"itemscope\" itemtype=\"https:\/\/schema.org\/CreativeWork\" ><div class='avia_textblock'  itemprop=\"text\" ><div class=\"art-postcontent\">\n<div class=\"art-article\">\n<h2>Einzelspende<\/h2>\n<p>Jeder Euro hilft uns in der Arbeit gegen sexuellen Missbrauch!<\/p>\n<p>Mit nur 5,- \u20ac finanzieren Sie die Fahrtkosten einer Mitarbeiterin in eine Einrichtung, um dort einen Elternabend oder eine Schulung abzuhalten.<\/p>\n<p>Wenn Sie 200,- \u20ac spenden, k\u00f6nnen wir einen Elternabend finanzieren.<\/p>\n<p>Ab 600,- \u20ac\u00a0 k\u00f6nnen wir eine Teamfortbildung anbieten.<\/p>\n<p>Falls Sie 1000 Euro spenden, k\u00f6nnen wir eine Organisationsberatung in einer Schule oder bei einem Tr\u00e4ger der Kinder- und Jugendhilfe beginnen.<\/p>\n<p>Mit 3.000,- \u20ac unterst\u00fctzen Sie die Vergabe des j\u00e4hrlichen AMYNA Pr\u00e4ventionspreises und sichern uns so das Preisgeld, das daf\u00fcr ausgelobt wird.<\/p>\n<p>\n<style type=\"text\/css\" data-created_by=\"avia_inline_auto\" id=\"style-css-av-3r19kw-e18904866ef0864df69d921b298c6173\">\n#top .hr.hr-invisible.av-3r19kw-e18904866ef0864df69d921b298c6173{\nheight:20px;\n}\n<\/style>\n<div  class='hr av-3r19kw-e18904866ef0864df69d921b298c6173 hr-invisible  avia-builder-el-1  el_before_av_button  avia-builder-el-first '><span class='hr-inner '><span class=\"hr-inner-style\"><\/span><\/span><\/div><br \/>\n<div  class='avia-button-wrap av-3m8u0o-7da51945d22753e50208502173273d5b-wrap avia-button-center  avia-builder-el-2  el_after_av_hr  el_before_av_hr '><a href='https:\/\/secure.spendenbank.de\/form\/1892?langid=1' class='avia-button av-3m8u0o-7da51945d22753e50208502173273d5b av-link-btn avia-icon_select-yes-right-icon avia-size-small avia-position-center avia-color-theme-color' target=\"_blank\" rel=\"noopener noreferrer\" aria-label=\"Jetzt spenden\"><span class='avia_iconbox_title' >Jetzt spenden<\/span><span class='avia_button_icon avia_button_icon_right' aria-hidden='true' data-av_icon='\ue835' data-av_iconfont='entypo-fontello'><\/span><\/a><\/div><br \/>\n\n<style type=\"text\/css\" data-created_by=\"avia_inline_auto\" id=\"style-css-av-3fbdb4-c5e9682b7ae5519cc42f1ad829bb589b\">\n#top .hr.hr-invisible.av-3fbdb4-c5e9682b7ae5519cc42f1ad829bb589b{\nheight:20px;\n}\n<\/style>\n<div  class='hr av-3fbdb4-c5e9682b7ae5519cc42f1ad829bb589b hr-invisible  avia-builder-el-3  el_after_av_button  avia-builder-el-last '><span class='hr-inner '><span class=\"hr-inner-style\"><\/span><\/span><\/div>\n<\/p><\/div>\n<\/div>\n<\/div><\/section>\n<div  class='hr av-3ay6cw-598125bbdc411aa4d424e911dfc340d3 hr-default  avia-builder-el-4  el_after_av_textblock  el_before_av_textblock '><span class='hr-inner '><span class=\"hr-inner-style\"><\/span><\/span><\/div>\n<section  class='av_textblock_section av-33v1y0-00fd303bbd495d6ccd2febca1f678b4a '   itemscope=\"itemscope\" itemtype=\"https:\/\/schema.org\/CreativeWork\" ><div class='avia_textblock'  itemprop=\"text\" ><div class=\"art-postcontent\">\n<div class=\"art-article\">\n<h2>Spendenaktion<\/h2>\n<p>Egal ob Spendenlauf, eine Sammelaktion auf dem Sommerfest, der Verkauf eines Benefiz-Artikels &#8211; Ihre M\u00f6glichkeiten AMYNA zu unterst\u00fctzen sind vielf\u00e4ltig!<\/p>\n<p>Sprechen Sie mit uns \u00fcber Ihre geplante Aktion, wir beraten Sie gerne bei der Umsetzung.<\/p>\n<\/div>\n<\/div>\n<\/div><\/section>\n\n<style type=\"text\/css\" data-created_by=\"avia_inline_auto\" id=\"style-css-av-2vu4pk-e2de6cc0eac9a6a36a0379a78a7d752a\">\n#top .av-special-heading.av-2vu4pk-e2de6cc0eac9a6a36a0379a78a7d752a{\npadding-bottom:10px;\n}\nbody .av-special-heading.av-2vu4pk-e2de6cc0eac9a6a36a0379a78a7d752a .av-special-heading-tag .heading-char{\nfont-size:25px;\n}\n.av-special-heading.av-2vu4pk-e2de6cc0eac9a6a36a0379a78a7d752a .av-subheading{\nfont-size:15px;\n}\n<\/style>\n<div  class='av-special-heading av-2vu4pk-e2de6cc0eac9a6a36a0379a78a7d752a av-special-heading-h5  avia-builder-el-6  el_after_av_textblock  el_before_av_one_half '><h5 class='av-special-heading-tag '  itemprop=\"headline\"  >Ihre Ansprechpartnerinnen:<\/h5><div class=\"special-heading-border\"><div class=\"special-heading-inner-border\"><\/div><\/div><\/div>\n\n<style type=\"text\/css\" data-created_by=\"avia_inline_auto\" id=\"style-css-av-2qqhlk-776dd312117a77449d88a43655a4eae1\">\n.flex_column.av-2qqhlk-776dd312117a77449d88a43655a4eae1{\nborder-radius:0px 0px 0px 0px;\npadding:0px 0px 0px 0px;\n}\n<\/style>\n<div  class='flex_column av-2qqhlk-776dd312117a77449d88a43655a4eae1 av_one_half  avia-builder-el-7  el_after_av_heading  el_before_av_one_half  first flex_column_div av-zero-column-padding  '     ><div  class='avia-testimonial-wrapper av-2iqkmo-92cacab6e1e41f22c6ab3268461679e3 avia-grid-testimonials avia-grid-1-testimonials avia_animate_when_almost_visible' >\n<section class=\"avia-testimonial-row\"><div class='avia-testimonial av-2ci9s8-4f25adf269bf07b1049e92c8d676e4fd avia-testimonial-row-1 avia-first-testimonial flex_column no_margin av_one_full'><div class='avia-testimonial_inner'  itemscope=\"itemscope\" itemtype=\"https:\/\/schema.org\/CreativeWork\" ><div class='avia-testimonial-image'  itemprop=\"image\" ><img loading=\"lazy\" decoding=\"async\" width=\"180\" height=\"180\" src=\"https:\/\/amyna.de\/wp\/wp-content\/uploads\/19_Agnes_Web-180x180.jpg\" class=\"attachment-square size-square\" alt=\"Agnes Szimhardt\" srcset=\"https:\/\/amyna.de\/wp\/wp-content\/uploads\/19_Agnes_Web-180x180.jpg 180w, https:\/\/amyna.de\/wp\/wp-content\/uploads\/19_Agnes_Web-80x80.jpg 80w, https:\/\/amyna.de\/wp\/wp-content\/uploads\/19_Agnes_Web-36x36.jpg 36w\" sizes=\"auto, (max-width: 180px) 100vw, 180px\" \/><\/div><div class='avia-testimonial-content '><div class='avia-testimonial-markup-entry-content'  itemprop=\"text\" ><\/div><\/div><div class=\"avia-testimonial-meta\"><div class=\"avia-testimonial-arrow-wrap\"><div class=\"avia-arrow\"><\/div><\/div><div class='avia-testimonial-meta-mini'  itemprop=\"author\" itemscope=\"itemscope\" itemtype=\"https:\/\/schema.org\/Person\" ><strong  class='avia-testimonial-name'  itemprop=\"name\" >Agnes Szimhardt<\/strong><span  class='avia-testimonial-subtitle '  itemprop=\"jobTitle\" >B\u00fcrokauffrau, Verwaltung, Buchhaltung, \u00d6ffentlichkeitsarbeit Institut<\/span><span class='hidden avia-testimonial-markup-link'  itemprop=\"email\" >mailto:as@amyna.de<\/span><span class=\"avia-testimonial-subtitle-sep\">&ndash;<\/span><a class='avia-testimonial-link' href='mailto:as@amyna.de' target=\"_blank\" rel=\"noopener noreferrer\">Mail senden<\/a><\/div><\/div><\/div><\/div><\/section>\n<\/div><\/div>\n\n<style type=\"text\/css\" data-created_by=\"avia_inline_auto\" id=\"style-css-av-291c3k-8686b224749f44d0c75807619f3e5f3a\">\n.flex_column.av-291c3k-8686b224749f44d0c75807619f3e5f3a{\nborder-radius:0px 0px 0px 0px;\npadding:0px 0px 0px 0px;\n}\n<\/style>\n<div  class='flex_column av-291c3k-8686b224749f44d0c75807619f3e5f3a av_one_half  avia-builder-el-9  el_after_av_one_half  el_before_av_hr  flex_column_div av-zero-column-padding  '     ><div  class='avia-testimonial-wrapper av-24vh1c-e158669a4a85ebf838e9eaf3f464c5aa avia-grid-testimonials avia-grid-1-testimonials avia_animate_when_almost_visible' >\n<section class=\"avia-testimonial-row\"><div class='avia-testimonial av-1wmzfc-c1b74c1abeee363bbb9b1c79c09b8615 avia-testimonial-row-1 avia-first-testimonial flex_column no_margin av_one_full'><div class='avia-testimonial_inner'  itemscope=\"itemscope\" itemtype=\"https:\/\/schema.org\/CreativeWork\" ><div class='avia-testimonial-image'  itemprop=\"image\" ><img loading=\"lazy\" decoding=\"async\" width=\"180\" height=\"180\" src=\"https:\/\/amyna.de\/wp\/wp-content\/uploads\/Yvonne_HP_300x200-180x180.jpg\" class=\"attachment-square size-square\" alt=\"Yvonne Oeffling\" srcset=\"https:\/\/amyna.de\/wp\/wp-content\/uploads\/Yvonne_HP_300x200-180x180.jpg 180w, https:\/\/amyna.de\/wp\/wp-content\/uploads\/Yvonne_HP_300x200-80x80.jpg 80w, https:\/\/amyna.de\/wp\/wp-content\/uploads\/Yvonne_HP_300x200-36x36.jpg 36w\" sizes=\"auto, (max-width: 180px) 100vw, 180px\" \/><\/div><div class='avia-testimonial-content '><div class='avia-testimonial-markup-entry-content'  itemprop=\"text\" ><\/div><\/div><div class=\"avia-testimonial-meta\"><div class=\"avia-testimonial-arrow-wrap\"><div class=\"avia-arrow\"><\/div><\/div><div class='avia-testimonial-meta-mini'  itemprop=\"author\" itemscope=\"itemscope\" itemtype=\"https:\/\/schema.org\/Person\" ><strong  class='avia-testimonial-name'  itemprop=\"name\" >Yvonne Oeffling<\/strong><span  class='avia-testimonial-subtitle '  itemprop=\"jobTitle\" >Master of Social Management, Dipl. Sozialp\u00e4dagogin (FH)<\/span><span class='hidden avia-testimonial-markup-link'  itemprop=\"email\" >mailto:yoe@amyna.de<\/span><span class=\"avia-testimonial-subtitle-sep\">&ndash;<\/span><a class='avia-testimonial-link' href='mailto:yoe@amyna.de' target=\"_blank\" rel=\"noopener noreferrer\">Mail senden<\/a><\/div><\/div><\/div><\/div><\/section>\n<\/div><\/div>\n<div  class='hr av-1rc1yw-3e0e1ba9e5b4515ce6107b1e3d279bb9 hr-default  avia-builder-el-11  el_after_av_one_half  el_before_av_hr '><span class='hr-inner '><span class=\"hr-inner-style\"><\/span><\/span><\/div>\n\n<style type=\"text\/css\" data-created_by=\"avia_inline_auto\" id=\"style-css-av-con80-069bd65b5cfc2cd3e7c4588046f32e27\">\n#top .hr.hr-invisible.av-con80-069bd65b5cfc2cd3e7c4588046f32e27{\nheight:30px;\n}\n<\/style>\n<div  class='hr av-con80-069bd65b5cfc2cd3e7c4588046f32e27 hr-invisible  avia-builder-el-12  el_after_av_hr  el_before_av_social_share '><span class='hr-inner '><span class=\"hr-inner-style\"><\/span><\/span><\/div>\n<div  class='av-social-sharing-box av-bfukg-9eb13cfb3eddd5fc30acd163a2caac1e av-social-sharing-box-default  avia-builder-el-13  el_after_av_hr  avia-builder-el-last  av-social-sharing-box-fullwidth'><div class=\"av-share-box\"><h5 class='av-share-link-description av-no-toc '>Teile diesen Eintrag<\/h5><ul class=\"av-share-box-list noLightbox\"><li class='av-share-link av-social-link-facebook' ><a target=\"_blank\" aria-label=\"Teilen auf Facebook\" href='https:\/\/www.facebook.com\/sharer.php?u=https:\/\/amyna.de\/wp\/helfen\/unternehmen\/&#038;t=Unternehmen' aria-hidden='false' data-av_icon='\ue8f3' data-av_iconfont='entypo-fontello' title='' data-avia-related-tooltip='Teilen auf Facebook' rel=\"noopener\"><span class='avia_hidden_link_text'>Teilen auf Facebook<\/span><\/a><\/li><li class='av-share-link av-social-link-twitter' ><a target=\"_blank\" aria-label=\"Teilen auf X\" href='https:\/\/twitter.com\/share?text=Unternehmen&#038;url=https:\/\/amyna.de\/wp\/?p=232' aria-hidden='false' data-av_icon='\ue932' data-av_iconfont='entypo-fontello' title='' data-avia-related-tooltip='Teilen auf X' rel=\"noopener\"><span class='avia_hidden_link_text'>Teilen auf X<\/span><\/a><\/li><li class='av-share-link av-social-link-linkedin' ><a target=\"_blank\" aria-label=\"Teilen auf LinkedIn\" href='https:\/\/linkedin.com\/shareArticle?mini=true&#038;title=Unternehmen&#038;url=https:\/\/amyna.de\/wp\/helfen\/unternehmen\/' aria-hidden='false' data-av_icon='\ue8fc' data-av_iconfont='entypo-fontello' title='' data-avia-related-tooltip='Teilen auf LinkedIn' rel=\"noopener\"><span class='avia_hidden_link_text'>Teilen auf LinkedIn<\/span><\/a><\/li><li class='av-share-link av-social-link-mail' ><a  aria-label=\"Per E-Mail teilen\" href='mailto:?subject=Unternehmen&#038;body=https:\/\/amyna.de\/wp\/helfen\/unternehmen\/' aria-hidden='false' data-av_icon='\ue805' data-av_iconfont='entypo-fontello' title='' data-avia-related-tooltip='Per E-Mail teilen'><span class='avia_hidden_link_text'>Per E-Mail teilen<\/span><\/a><\/li><\/ul><\/div><\/div>\n","protected":false},"excerpt":{"rendered":"","protected":false},"author":1,"featured_media":0,"parent":226,"menu_order":73,"comment_status":"closed","ping_status":"closed","template":"","meta":{"footnotes":""},"categories":[],"tags":[],"class_list":["post-232","page","type-page","status-publish","hentry"],"yoast_head":"<!-- This site is optimized with the Yoast SEO plugin v27.4 - https:\/\/yoast.com\/product\/yoast-seo-wordpress\/ -->\n<title>Unternehmen - AMYNA e.V.<\/title>\n<meta name=\"robots\" content=\"index, follow, max-snippet:-1, max-image-preview:large, max-video-preview:-1\" \/>\n<link rel=\"canonical\" href=\"https:\/\/amyna.de\/wp\/helfen\/unternehmen\/\" \/>\n<meta property=\"og:locale\" content=\"de_DE\" \/>\n<meta property=\"og:type\" content=\"article\" \/>\n<meta property=\"og:title\" content=\"Unternehmen - AMYNA e.V.\" \/>\n<meta property=\"og:url\" content=\"https:\/\/amyna.de\/wp\/helfen\/unternehmen\/\" \/>\n<meta property=\"og:site_name\" content=\"AMYNA e.V.\" \/>\n<meta property=\"article:modified_time\" content=\"2024-09-19T10:12:22+00:00\" \/>\n<meta name=\"twitter:card\" content=\"summary_large_image\" \/>\n<meta name=\"twitter:label1\" content=\"Gesch\u00e4tzte Lesezeit\" \/>\n\t<meta name=\"twitter:data1\" content=\"2\u00a0Minuten\" \/>\n<script type=\"application\/ld+json\" class=\"yoast-schema-graph\">{\"@context\":\"https:\\\/\\\/schema.org\",\"@graph\":[{\"@type\":\"WebPage\",\"@id\":\"https:\\\/\\\/amyna.de\\\/wp\\\/helfen\\\/unternehmen\\\/\",\"url\":\"https:\\\/\\\/amyna.de\\\/wp\\\/helfen\\\/unternehmen\\\/\",\"name\":\"Unternehmen - AMYNA e.V.\",\"isPartOf\":{\"@id\":\"https:\\\/\\\/amyna.de\\\/wp\\\/#website\"},\"datePublished\":\"2016-10-27T11:04:17+00:00\",\"dateModified\":\"2024-09-19T10:12:22+00:00\",\"breadcrumb\":{\"@id\":\"https:\\\/\\\/amyna.de\\\/wp\\\/helfen\\\/unternehmen\\\/#breadcrumb\"},\"inLanguage\":\"de\",\"potentialAction\":[{\"@type\":\"ReadAction\",\"target\":[\"https:\\\/\\\/amyna.de\\\/wp\\\/helfen\\\/unternehmen\\\/\"]}]},{\"@type\":\"BreadcrumbList\",\"@id\":\"https:\\\/\\\/amyna.de\\\/wp\\\/helfen\\\/unternehmen\\\/#breadcrumb\",\"itemListElement\":[{\"@type\":\"ListItem\",\"position\":1,\"name\":\"Startseite\",\"item\":\"https:\\\/\\\/amyna.de\\\/wp\\\/\"},{\"@type\":\"ListItem\",\"position\":2,\"name\":\"Helfen\",\"item\":\"https:\\\/\\\/amyna.de\\\/wp\\\/helfen\\\/\"},{\"@type\":\"ListItem\",\"position\":3,\"name\":\"Unternehmen\"}]},{\"@type\":\"WebSite\",\"@id\":\"https:\\\/\\\/amyna.de\\\/wp\\\/#website\",\"url\":\"https:\\\/\\\/amyna.de\\\/wp\\\/\",\"name\":\"AMYNA e.V.\",\"description\":\"Verein zur Abschaffung von sexuellem Missbrauch und sexueller Gewalt\",\"potentialAction\":[{\"@type\":\"SearchAction\",\"target\":{\"@type\":\"EntryPoint\",\"urlTemplate\":\"https:\\\/\\\/amyna.de\\\/wp\\\/?s={search_term_string}\"},\"query-input\":{\"@type\":\"PropertyValueSpecification\",\"valueRequired\":true,\"valueName\":\"search_term_string\"}}],\"inLanguage\":\"de\"}]}<\/script>\n<!-- \/ Yoast SEO plugin. -->","yoast_head_json":{"title":"Unternehmen - AMYNA e.V.","robots":{"index":"index","follow":"follow","max-snippet":"max-snippet:-1","max-image-preview":"max-image-preview:large","max-video-preview":"max-video-preview:-1"},"canonical":"https:\/\/amyna.de\/wp\/helfen\/unternehmen\/","og_locale":"de_DE","og_type":"article","og_title":"Unternehmen - AMYNA e.V.","og_url":"https:\/\/amyna.de\/wp\/helfen\/unternehmen\/","og_site_name":"AMYNA e.V.","article_modified_time":"2024-09-19T10:12:22+00:00","twitter_card":"summary_large_image","twitter_misc":{"Gesch\u00e4tzte Lesezeit":"2\u00a0Minuten"},"schema":{"@context":"https:\/\/schema.org","@graph":[{"@type":"WebPage","@id":"https:\/\/amyna.de\/wp\/helfen\/unternehmen\/","url":"https:\/\/amyna.de\/wp\/helfen\/unternehmen\/","name":"Unternehmen - AMYNA e.V.","isPartOf":{"@id":"https:\/\/amyna.de\/wp\/#website"},"datePublished":"2016-10-27T11:04:17+00:00","dateModified":"2024-09-19T10:12:22+00:00","breadcrumb":{"@id":"https:\/\/amyna.de\/wp\/helfen\/unternehmen\/#breadcrumb"},"inLanguage":"de","potentialAction":[{"@type":"ReadAction","target":["https:\/\/amyna.de\/wp\/helfen\/unternehmen\/"]}]},{"@type":"BreadcrumbList","@id":"https:\/\/amyna.de\/wp\/helfen\/unternehmen\/#breadcrumb","itemListElement":[{"@type":"ListItem","position":1,"name":"Startseite","item":"https:\/\/amyna.de\/wp\/"},{"@type":"ListItem","position":2,"name":"Helfen","item":"https:\/\/amyna.de\/wp\/helfen\/"},{"@type":"ListItem","position":3,"name":"Unternehmen"}]},{"@type":"WebSite","@id":"https:\/\/amyna.de\/wp\/#website","url":"https:\/\/amyna.de\/wp\/","name":"AMYNA e.V.","description":"Verein zur Abschaffung von sexuellem Missbrauch und sexueller Gewalt","potentialAction":[{"@type":"SearchAction","target":{"@type":"EntryPoint","urlTemplate":"https:\/\/amyna.de\/wp\/?s={search_term_string}"},"query-input":{"@type":"PropertyValueSpecification","valueRequired":true,"valueName":"search_term_string"}}],"inLanguage":"de"}]}},"_links":{"self":[{"href":"https:\/\/amyna.de\/wp\/wp-json\/wp\/v2\/pages\/232","targetHints":{"allow":["GET"]}}],"collection":[{"href":"https:\/\/amyna.de\/wp\/wp-json\/wp\/v2\/pages"}],"about":[{"href":"https:\/\/amyna.de\/wp\/wp-json\/wp\/v2\/types\/page"}],"author":[{"embeddable":true,"href":"https:\/\/amyna.de\/wp\/wp-json\/wp\/v2\/users\/1"}],"replies":[{"embeddable":true,"href":"https:\/\/amyna.de\/wp\/wp-json\/wp\/v2\/comments?post=232"}],"version-history":[{"count":2,"href":"https:\/\/amyna.de\/wp\/wp-json\/wp\/v2\/pages\/232\/revisions"}],"predecessor-version":[{"id":13371,"href":"https:\/\/amyna.de\/wp\/wp-json\/wp\/v2\/pages\/232\/revisions\/13371"}],"up":[{"embeddable":true,"href":"https:\/\/amyna.de\/wp\/wp-json\/wp\/v2\/pages\/226"}],"wp:attachment":[{"href":"https:\/\/amyna.de\/wp\/wp-json\/wp\/v2\/media?parent=232"}],"wp:term":[{"taxonomy":"category","embeddable":true,"href":"https:\/\/amyna.de\/wp\/wp-json\/wp\/v2\/categories?post=232"},{"taxonomy":"post_tag","embeddable":true,"href":"https:\/\/amyna.de\/wp\/wp-json\/wp\/v2\/tags?post=232"}],"curies":[{"name":"wp","href":"https:\/\/api.w.org\/{rel}","templated":true}]}}